{"id":12314,"date":"2025-02-22T15:07:37","date_gmt":"2025-02-22T15:07:37","guid":{"rendered":"https:\/\/esolucionesbpo.com\/2025\/?page_id=12314"},"modified":"2025-02-22T15:16:03","modified_gmt":"2025-02-22T15:16:03","slug":"credito-de-libre-inversion-o-consumo","status":"publish","type":"page","link":"https:\/\/esolucionesbpo.com\/2025\/credito-de-libre-inversion-o-consumo\/","title":{"rendered":"Cr\u00e9dito de Libre Inversi\u00f3n o Consumo"},"content":{"rendered":"\t\t<div data-elementor-type=\"wp-page\" data-elementor-id=\"12314\" class=\"elementor elementor-12314\">\n\t\t\t\t<div class=\"elementor-element elementor-element-b0fec58 e-flex e-con-boxed e-con e-parent\" data-id=\"b0fec58\" data-element_type=\"container\">\n\t\t\t\t\t<div class=\"e-con-inner\">\n\t\t<div class=\"elementor-element elementor-element-792105f e-flex e-con-boxed e-con e-child\" data-id=\"792105f\" data-element_type=\"container\">\n\t\t\t\t\t<div class=\"e-con-inner\">\n\t\t<div class=\"elementor-element elementor-element-f0a1247 e-con-full e-flex e-con e-child\" data-id=\"f0a1247\" data-element_type=\"container\">\n\t\t\t\t<div class=\"elementor-element elementor-element-9bdbd62 elementor-widget elementor-widget-witrsimage\" data-id=\"9bdbd62\" data-element_type=\"widget\" data-widget_type=\"witrsimage.default\">\n\t\t\t\t<div class=\"elementor-widget-container\">\n\t\t\t\t\t\t\n\t\t<div class=\"single_image_area\">\n\t\t\t<div class=\"single_image single_line_option  \">\n\t\t\t\t<!-- image -->\n\t\t\t\t<img fetchpriority=\"high\" decoding=\"async\" width=\"1000\" height=\"667\" src=\"https:\/\/esolucionesbpo.com\/2025\/wp-content\/uploads\/2025\/02\/Esoluciones-BPO-Credito-libre-inversion.jpg\" class=\"attachment-large size-large wp-image-11981\" alt=\"Esoluciones-BPO-Credito-libre-inversion\" srcset=\"https:\/\/esolucionesbpo.com\/2025\/wp-content\/uploads\/2025\/02\/Esoluciones-BPO-Credito-libre-inversion.jpg 1000w, https:\/\/esolucionesbpo.com\/2025\/wp-content\/uploads\/2025\/02\/Esoluciones-BPO-Credito-libre-inversion-300x200.jpg 300w, https:\/\/esolucionesbpo.com\/2025\/wp-content\/uploads\/2025\/02\/Esoluciones-BPO-Credito-libre-inversion-768x512.jpg 768w\" sizes=\"(max-width: 1000px) 100vw, 1000px\" \/>\t\t\n\t\t\t\t\t\t\t\t\t\t\t<\/div>\n\t\t<\/div>\n\t\t\t\n\t\t\t\n\t\t\n\t\t\t\n\t\t\t\t\t\t<\/div>\n\t\t\t\t<\/div>\n\t\t\t\t<\/div>\n\t\t<div class=\"elementor-element elementor-element-807fbdd e-con-full e-flex e-con e-child\" data-id=\"807fbdd\" data-element_type=\"container\">\n\t\t\t\t<div class=\"elementor-element elementor-element-70daf30 elementor-widget elementor-widget-tts\" data-id=\"70daf30\" data-element_type=\"widget\" data-widget_type=\"tts.default\">\n\t\t\t\t<div class=\"elementor-widget-container\">\n\t\t\t\t\t\t\t\t\t\t<!-- title left -->\n\t\t\t\t\t<div class=\"tts text-left\">\n\t\t\t\t\t\t<div class=\"ttin\">\n\t\t\t\t\t\t\n\t\t\t\t\t\t\t<!-- icon position -->\n\t\t\t\t\t\t\t\t\n\t\t\t\t\t\t\t<!-- end icon position -->\n\t\t\t\t\t\t\t\n\t\t\t\t\t\t\t<!-- title top -->\n\t\t\t\t\t\t\t\n\n\t\t\t\t\t\t\t<!-- icon position -->\n\t\t\t\t\t\t\t\t\n\t\t\t\t\t\t\t<!-- end icon position -->\n\n\t\t\t\t\t\t\t<!-- title middle -->\n\t\t\t\t\t\t\t\t\t\t\t\t\t\t\t<h2 class=\"txbdstitle sttwo hlight\">Cr\u00e9dito de Libre Inversi\u00f3n o Consumo<\/h2>\n\t\t\t\t\t\t\t\t\t\t\t\t\t\t<!-- title bottom -->\n\t\t\t\t\t\t\t\n\t\t\t\t\t\t\t\t\t\t\t\t\t\t\n\t\t\t\t\t\t\t<!-- image -->\n\t\t\t\t\t\t\t\t\t\t\t\t\t\t<!-- icon -->\n\t\t\t\t\t\t\t\t\t\t\t\t\t\t\n\t\t\t\t\t\t\t<!-- bar -->\n\t\t\t\t\t\t\t\t\t\t\t\t\t\t<!-- circle bar -->\n\t\t\t\t\t\t\t\t\t\t\t\t\t\t\n\t\t\t\t\t\t\t\t\n\t\t\t\t\t\t\t\n\t\t\t\t\t\t\t<!-- content -->\n\t\t\t\t\t\t\t\t\n\t\t\t\t\t\t<\/div>\n\t\t\t\t\t\t\t<!-- inner title -->\n\t\t\t\t\t\t\t\t\t\t\t\t\t\n\t\t\t\t\t<\/div>\t\t\t\t\n\t\t\t\t\t\t\t\t<\/div>\n\t\t\t\t<\/div>\n\t\t<div class=\"elementor-element elementor-element-d542a5a e-flex e-con-boxed e-con e-child\" data-id=\"d542a5a\" data-element_type=\"container\">\n\t\t\t\t\t<div class=\"e-con-inner\">\n\t\t<div class=\"elementor-element elementor-element-a536a40 e-flex e-con-boxed e-con e-child\" data-id=\"a536a40\" data-element_type=\"container\">\n\t\t\t\t\t<div class=\"e-con-inner\">\n\t\t\t\t<div class=\"elementor-element elementor-element-a456fee elementor-widget elementor-widget-text-editor\" data-id=\"a456fee\" data-element_type=\"widget\" data-widget_type=\"text-editor.default\">\n\t\t\t\t<div class=\"elementor-widget-container\">\n\t\t\t\t\t\t\t\t\t<p>El cr\u00e9dito de libre inversi\u00f3n ha sido creado para personas: empleados, independientes y pensionados que requieren flujo de dinero o compra de cartera y su naturaleza sea para pago por ventanilla.<\/p><p>\u00a0<\/p><p><strong>Requisitos:<\/strong><\/p>\t\t\t\t\t\t\t\t<\/div>\n\t\t\t\t<\/div>\n\t\t\t\t<div class=\"elementor-element elementor-element-cdc7021 elementor-widget elementor-widget-witr_ac_TAB\" data-id=\"cdc7021\" data-element_type=\"widget\" data-widget_type=\"witr_ac_TAB.default\">\n\t\t\t\t<div class=\"elementor-widget-container\">\n\t\t\t\t\t\t\t   \n\n\t\t\t<div class=\"witr_adv_tab_area witr_taba_style1 tab_all_colora\" style=\"flex-direction:column;\">\n\t\t\t\t<!-- Nav tabs -->\n\t\t\t\t<div class=\"witr_adv_tab_menu tx_topb_column\">\n\t\t\t\t\t<ul class=\"nav nav-tabs\">\n\t\t\t\t\t\t\t\t\t\t\t\t<!-- menu 1 -->\n\t\t\t\t\t\t<li class=\"nav-item\">\n\t\t\t\t\t\t\t<a class=\"nav-link epo-6916572  active\" data-bs-toggle=\"tab\" href=\"#tx_tab_cdc70211\">\n\t\t\t\t\t\t\t\t\n\t\t\t\t\t\t\t\t<span class=\"witr_tab_icona\">\n\t\t\t\t\t\t\t\t\t<!-- icon -->\n\t\t\t\t\t\t\t\t\t\t\t\t\t\t\t\t\t\n\t\t\t\t\t\t\t\t\t<!-- end icon -->\n\t\t\t\t\t\t\t\t\n\t\t\t\t\t\t\t\t\t<!-- custom icon -->\n\t\t\t\t\t\t\t\t\t\t\t\t\t\t\n\t\t\t\t\t\t\t\t\t<!-- image -->\n\t\t\t\t\t\t\t\t\t\t\t\t\t\t\t\t\t\n\t\t\t\t\t\t\t\t\n\t\t\t\t\t\t\t\t\n\t\t\t\t\t\t\t\t<\/span>\n\t\t\t\t\t\t\t\t\t\n\t\t\t\t\t\t\t\t<strong>Profesionales independientes<\/strong>\n\t\t\t\t\t\t\t<\/a>\n\t\t\t\t\t\t<\/li>\t\n\t\t\t\t\t\t\t\t\t\t\t\t<!-- menu 1 -->\n\t\t\t\t\t\t<li class=\"nav-item\">\n\t\t\t\t\t\t\t<a class=\"nav-link epo-43293dc  \" data-bs-toggle=\"tab\" href=\"#tx_tab_cdc70212\">\n\t\t\t\t\t\t\t\t\n\t\t\t\t\t\t\t\t<span class=\"witr_tab_icona\">\n\t\t\t\t\t\t\t\t\t<!-- icon -->\n\t\t\t\t\t\t\t\t\t\t\t\t\t\t\t\t\t\n\t\t\t\t\t\t\t\t\t<!-- end icon -->\n\t\t\t\t\t\t\t\t\n\t\t\t\t\t\t\t\t\t<!-- custom icon -->\n\t\t\t\t\t\t\t\t\t\t\t\t\t\t\n\t\t\t\t\t\t\t\t\t<!-- image -->\n\t\t\t\t\t\t\t\t\t\t\t\t\t\t\t\t\t\n\t\t\t\t\t\t\t\t\n\t\t\t\t\t\t\t\t\n\t\t\t\t\t\t\t\t<\/span>\n\t\t\t\t\t\t\t\t\t\n\t\t\t\t\t\t\t\t<strong>Empleados<\/strong>\n\t\t\t\t\t\t\t<\/a>\n\t\t\t\t\t\t<\/li>\t\n\t\t\t\t\t\t\t\t\t\t\t<\/ul>\n\t\t\t\t<\/div>\n\t\t\t\t<!-- Tab panes -->\n\t\t\t\t<div class=\"witr_adv_tab_content\">\n\t\t\t\t\t<div class=\"tab-content\">\n\t\t\t\t\t\t\t\t\t\t\t\t<div class=\"tab-pane fade epo-6916572  active show\" id=\"tx_tab_cdc70211\">\t\t\t\n\t\t\t\t\t\t\t<ul><li><span class=\"elementor-icon-list-text\">Declaraci\u00f3n de renta<\/span><\/li><li><span class=\"elementor-icon-list-text\">Extractos bancarios<\/span><\/li><\/ul>\t\t\t\t\t\t\t\t\t\t\t\t\t\t\n\t\t\t\t\t\t<\/div>\t\n\t\t\t\t\t\t\t\t\t\t\t\t<div class=\"tab-pane fade epo-43293dc  \" id=\"tx_tab_cdc70212\">\t\t\t\n\t\t\t\t\t\t\t<ul><li>Carta Laboral<\/li><li>Certificado de ingresos y retenciones<\/li><li>Extractos bancarios<\/li><\/ul>\t\t\t\t\t\t\t\t\t\t\t\t\t\t\n\t\t\t\t\t\t<\/div>\t\n\t\t\t\t\t\t\t\n\t\t\t\t\t<\/div>\t\n\t\t\t\t<\/div>\t\n\t\t\t<\/div>\t\n\t\t\t\t\t\t\n\n\t\t\t\t\t<\/div>\n\t\t\t\t<\/div>\n\t\t\t\t\t<\/div>\n\t\t\t\t<\/div>\n\t\t\t\t\t<\/div>\n\t\t\t\t<\/div>\n\t\t\t\t<\/div>\n\t\t\t\t\t<\/div>\n\t\t\t\t<\/div>\n\t\t\t\t\t<\/div>\n\t\t\t\t<\/div>\n\t\t\t\t<\/div>\n\t\t","protected":false},"excerpt":{"rendered":"<p>Cr\u00e9dito de Libre Inversi\u00f3n o Consumo El cr\u00e9dito de libre inversi\u00f3n ha sido creado para personas: empleados, independientes y pensionados que requieren flujo de dinero o compra de cartera y su naturaleza sea para pago por ventanilla. \u00a0 Requisitos: Profesionales independientes Empleados Declaraci\u00f3n de renta Extractos bancarios Carta Laboral Certificado de ingresos y retenciones Extractos [&hellip;]<\/p>\n","protected":false},"author":1,"featured_media":0,"parent":0,"menu_order":0,"comment_status":"closed","ping_status":"closed","template":"template-home.php","meta":{"pagelayer_contact_templates":[],"_pagelayer_content":"","footnotes":""},"class_list":["post-12314","page","type-page","status-publish","hentry"],"_links":{"self":[{"href":"https:\/\/esolucionesbpo.com\/2025\/wp-json\/wp\/v2\/pages\/12314","targetHints":{"allow":["GET"]}}],"collection":[{"href":"https:\/\/esolucionesbpo.com\/2025\/wp-json\/wp\/v2\/pages"}],"about":[{"href":"https:\/\/esolucionesbpo.com\/2025\/wp-json\/wp\/v2\/types\/page"}],"author":[{"embeddable":true,"href":"https:\/\/esolucionesbpo.com\/2025\/wp-json\/wp\/v2\/users\/1"}],"replies":[{"embeddable":true,"href":"https:\/\/esolucionesbpo.com\/2025\/wp-json\/wp\/v2\/comments?post=12314"}],"version-history":[{"count":4,"href":"https:\/\/esolucionesbpo.com\/2025\/wp-json\/wp\/v2\/pages\/12314\/revisions"}],"predecessor-version":[{"id":12340,"href":"https:\/\/esolucionesbpo.com\/2025\/wp-json\/wp\/v2\/pages\/12314\/revisions\/12340"}],"wp:attachment":[{"href":"https:\/\/esolucionesbpo.com\/2025\/wp-json\/wp\/v2\/media?parent=12314"}],"curies":[{"name":"wp","href":"https:\/\/api.w.org\/{rel}","templated":true}]}}