{"id":12316,"date":"2025-02-22T15:08:47","date_gmt":"2025-02-22T15:08:47","guid":{"rendered":"https:\/\/esolucionesbpo.com\/2025\/?page_id=12316"},"modified":"2025-02-22T15:15:00","modified_gmt":"2025-02-22T15:15:00","slug":"credito-de-consumo-con-garantia-hipotecaria","status":"publish","type":"page","link":"https:\/\/esolucionesbpo.com\/2025\/credito-de-consumo-con-garantia-hipotecaria\/","title":{"rendered":"Credito de Consumo con Garant\u00eda Hipotecaria"},"content":{"rendered":"\t\t<div data-elementor-type=\"wp-page\" data-elementor-id=\"12316\" class=\"elementor elementor-12316\">\n\t\t\t\t<div class=\"elementor-element elementor-element-12bb9b2 e-flex e-con-boxed e-con e-parent\" data-id=\"12bb9b2\" data-element_type=\"container\" data-settings=\"{&quot;background_background&quot;:&quot;classic&quot;}\">\n\t\t\t\t\t<div class=\"e-con-inner\">\n\t\t<div class=\"elementor-element elementor-element-0428bb6 e-flex e-con-boxed e-con e-child\" data-id=\"0428bb6\" data-element_type=\"container\">\n\t\t\t\t\t<div class=\"e-con-inner\">\n\t\t<div class=\"elementor-element elementor-element-3861dc5 e-con-full e-flex e-con e-child\" data-id=\"3861dc5\" data-element_type=\"container\">\n\t\t\t\t<div class=\"elementor-element elementor-element-f8189f8 elementor-widget elementor-widget-witrsimage\" data-id=\"f8189f8\" data-element_type=\"widget\" data-widget_type=\"witrsimage.default\">\n\t\t\t\t<div class=\"elementor-widget-container\">\n\t\t\t\t\t\t\n\t\t<div class=\"single_image_area\">\n\t\t\t<div class=\"single_image single_line_option  \">\n\t\t\t\t<!-- image -->\n\t\t\t\t<img fetchpriority=\"high\" decoding=\"async\" width=\"1000\" height=\"667\" src=\"https:\/\/esolucionesbpo.com\/2025\/wp-content\/uploads\/2025\/02\/Esoluciones-BPO-Credito-consumo-garantia-hipotecaria-1.jpg\" class=\"attachment-large size-large wp-image-12246\" alt=\"\" srcset=\"https:\/\/esolucionesbpo.com\/2025\/wp-content\/uploads\/2025\/02\/Esoluciones-BPO-Credito-consumo-garantia-hipotecaria-1.jpg 1000w, https:\/\/esolucionesbpo.com\/2025\/wp-content\/uploads\/2025\/02\/Esoluciones-BPO-Credito-consumo-garantia-hipotecaria-1-300x200.jpg 300w, https:\/\/esolucionesbpo.com\/2025\/wp-content\/uploads\/2025\/02\/Esoluciones-BPO-Credito-consumo-garantia-hipotecaria-1-768x512.jpg 768w\" sizes=\"(max-width: 1000px) 100vw, 1000px\" \/>\t\t\n\t\t\t\t\t\t\t\t\t\t\t<\/div>\n\t\t<\/div>\n\t\t\t\n\t\t\t\n\t\t\n\t\t\t\n\t\t\t\t\t\t<\/div>\n\t\t\t\t<\/div>\n\t\t\t\t<\/div>\n\t\t<div class=\"elementor-element elementor-element-c8e2141 e-con-full e-flex e-con e-child\" data-id=\"c8e2141\" data-element_type=\"container\">\n\t\t\t\t<div class=\"elementor-element elementor-element-edfaf5b elementor-widget elementor-widget-tts\" data-id=\"edfaf5b\" data-element_type=\"widget\" data-widget_type=\"tts.default\">\n\t\t\t\t<div class=\"elementor-widget-container\">\n\t\t\t\t\t\t\t\t\t\t<!-- title left -->\n\t\t\t\t\t<div class=\"tts text-left\">\n\t\t\t\t\t\t<div class=\"ttin\">\n\t\t\t\t\t\t\n\t\t\t\t\t\t\t<!-- icon position -->\n\t\t\t\t\t\t\t\t\n\t\t\t\t\t\t\t<!-- end icon position -->\n\t\t\t\t\t\t\t\n\t\t\t\t\t\t\t<!-- title top -->\n\t\t\t\t\t\t\t\n\n\t\t\t\t\t\t\t<!-- icon position -->\n\t\t\t\t\t\t\t\t\n\t\t\t\t\t\t\t<!-- end icon position -->\n\n\t\t\t\t\t\t\t<!-- title middle -->\n\t\t\t\t\t\t\t\t\t\t\t\t\t\t\t<h2 class=\"txbdstitle sttwo hlight\">Credito de Consumo con Garant\u00eda\nHipotecaria<\/h2>\n\t\t\t\t\t\t\t\t\t\t\t\t\t\t<!-- title bottom -->\n\t\t\t\t\t\t\t\n\t\t\t\t\t\t\t\t\t\t\t\t\t\t\n\t\t\t\t\t\t\t<!-- image -->\n\t\t\t\t\t\t\t\t\t\t\t\t\t\t<!-- icon -->\n\t\t\t\t\t\t\t\t\t\t\t\t\t\t\n\t\t\t\t\t\t\t<!-- bar -->\n\t\t\t\t\t\t\t\t\t\t\t\t\t\t<!-- circle bar -->\n\t\t\t\t\t\t\t\t\t\t\t\t\t\t\n\t\t\t\t\t\t\t\t\n\t\t\t\t\t\t\t\n\t\t\t\t\t\t\t<!-- content -->\n\t\t\t\t\t\t\t\t\n\t\t\t\t\t\t<\/div>\n\t\t\t\t\t\t\t<!-- inner title -->\n\t\t\t\t\t\t\t\t\t\t\t\t\t\n\t\t\t\t\t<\/div>\t\t\t\t\n\t\t\t\t\t\t\t\t<\/div>\n\t\t\t\t<\/div>\n\t\t<div class=\"elementor-element elementor-element-a393fb0 e-flex e-con-boxed e-con e-child\" data-id=\"a393fb0\" data-element_type=\"container\">\n\t\t\t\t\t<div class=\"e-con-inner\">\n\t\t<div class=\"elementor-element elementor-element-7934126 e-flex e-con-boxed e-con e-child\" data-id=\"7934126\" data-element_type=\"container\">\n\t\t\t\t\t<div class=\"e-con-inner\">\n\t\t\t\t<div class=\"elementor-element elementor-element-c54ebe3 elementor-widget elementor-widget-text-editor\" data-id=\"c54ebe3\" data-element_type=\"widget\" data-widget_type=\"text-editor.default\">\n\t\t\t\t<div class=\"elementor-widget-container\">\n\t\t\t\t\t\t\t\t\t<p>Cr\u00e9dito especializado para quienes requieren un cr\u00e9dito personal, pero por alg\u00fan motivo el cliente no es sujeto de cr\u00e9dito; pero cuenta con un inmueble propio.<\/p><p>\u00a0<\/p><p><strong>Ventajas:<\/strong><\/p><p>\u00a0<\/p><ul><li>No requiere codeudor<\/li><li>Se aceptan reportes negativos (*sujeto a pol\u00edticas de la empresa)<\/li><li>Se presta hasta el 40% del valor comercial del inmueble<\/li><li>Desembolso contra certificado de tradici\u00f3n y libertad<\/li><\/ul>\t\t\t\t\t\t\t\t<\/div>\n\t\t\t\t<\/div>\n\t\t\t\t\t<\/div>\n\t\t\t\t<\/div>\n\t\t\t\t\t<\/div>\n\t\t\t\t<\/div>\n\t\t\t\t<\/div>\n\t\t\t\t\t<\/div>\n\t\t\t\t<\/div>\n\t\t\t\t\t<\/div>\n\t\t\t\t<\/div>\n\t\t\t\t<\/div>\n\t\t","protected":false},"excerpt":{"rendered":"<p>Credito de Consumo con Garant\u00eda Hipotecaria Cr\u00e9dito especializado para quienes requieren un cr\u00e9dito personal, pero por alg\u00fan motivo el cliente no es sujeto de cr\u00e9dito; pero cuenta con un inmueble propio. \u00a0 Ventajas: \u00a0 No requiere codeudor Se aceptan reportes negativos (*sujeto a pol\u00edticas de la empresa) Se presta hasta el 40% del valor comercial [&hellip;]<\/p>\n","protected":false},"author":1,"featured_media":0,"parent":0,"menu_order":0,"comment_status":"closed","ping_status":"closed","template":"template-home.php","meta":{"pagelayer_contact_templates":[],"_pagelayer_content":"","footnotes":""},"class_list":["post-12316","page","type-page","status-publish","hentry"],"_links":{"self":[{"href":"https:\/\/esolucionesbpo.com\/2025\/wp-json\/wp\/v2\/pages\/12316","targetHints":{"allow":["GET"]}}],"collection":[{"href":"https:\/\/esolucionesbpo.com\/2025\/wp-json\/wp\/v2\/pages"}],"about":[{"href":"https:\/\/esolucionesbpo.com\/2025\/wp-json\/wp\/v2\/types\/page"}],"author":[{"embeddable":true,"href":"https:\/\/esolucionesbpo.com\/2025\/wp-json\/wp\/v2\/users\/1"}],"replies":[{"embeddable":true,"href":"https:\/\/esolucionesbpo.com\/2025\/wp-json\/wp\/v2\/comments?post=12316"}],"version-history":[{"count":7,"href":"https:\/\/esolucionesbpo.com\/2025\/wp-json\/wp\/v2\/pages\/12316\/revisions"}],"predecessor-version":[{"id":12337,"href":"https:\/\/esolucionesbpo.com\/2025\/wp-json\/wp\/v2\/pages\/12316\/revisions\/12337"}],"wp:attachment":[{"href":"https:\/\/esolucionesbpo.com\/2025\/wp-json\/wp\/v2\/media?parent=12316"}],"curies":[{"name":"wp","href":"https:\/\/api.w.org\/{rel}","templated":true}]}}