{"id":12318,"date":"2025-02-22T15:09:23","date_gmt":"2025-02-22T15:09:23","guid":{"rendered":"https:\/\/esolucionesbpo.com\/2025\/?page_id=12318"},"modified":"2025-02-22T15:14:00","modified_gmt":"2025-02-22T15:14:00","slug":"credito-de-libranza-con-esoluciones-bpo","status":"publish","type":"page","link":"https:\/\/esolucionesbpo.com\/2025\/credito-de-libranza-con-esoluciones-bpo\/","title":{"rendered":"Cr\u00e9dito de Libranza con Esoluciones BPO"},"content":{"rendered":"\t\t<div data-elementor-type=\"wp-page\" data-elementor-id=\"12318\" class=\"elementor elementor-12318\">\n\t\t\t\t<div class=\"elementor-element elementor-element-d1023c1 e-flex e-con-boxed e-con e-parent\" data-id=\"d1023c1\" data-element_type=\"container\">\n\t\t\t\t\t<div class=\"e-con-inner\">\n\t\t<div class=\"elementor-element elementor-element-8f000b3 e-flex e-con-boxed e-con e-child\" data-id=\"8f000b3\" data-element_type=\"container\">\n\t\t\t\t\t<div class=\"e-con-inner\">\n\t\t<div class=\"elementor-element elementor-element-e106717 e-con-full e-flex e-con e-child\" data-id=\"e106717\" data-element_type=\"container\">\n\t\t\t\t<div class=\"elementor-element elementor-element-5f73666 elementor-widget elementor-widget-witrsimage\" data-id=\"5f73666\" data-element_type=\"widget\" data-widget_type=\"witrsimage.default\">\n\t\t\t\t<div class=\"elementor-widget-container\">\n\t\t\t\t\t\t\n\t\t<div class=\"single_image_area\">\n\t\t\t<div class=\"single_image single_line_option  \">\n\t\t\t\t<!-- image -->\n\t\t\t\t<img fetchpriority=\"high\" decoding=\"async\" width=\"1000\" height=\"667\" src=\"https:\/\/esolucionesbpo.com\/2025\/wp-content\/uploads\/2025\/02\/Esoluciones-BPO-Credito-libranza-BPO.jpg\" class=\"attachment-large size-large wp-image-11980\" alt=\"Esoluciones-BPO-Credito-libranza-BPO\" srcset=\"https:\/\/esolucionesbpo.com\/2025\/wp-content\/uploads\/2025\/02\/Esoluciones-BPO-Credito-libranza-BPO.jpg 1000w, https:\/\/esolucionesbpo.com\/2025\/wp-content\/uploads\/2025\/02\/Esoluciones-BPO-Credito-libranza-BPO-300x200.jpg 300w, https:\/\/esolucionesbpo.com\/2025\/wp-content\/uploads\/2025\/02\/Esoluciones-BPO-Credito-libranza-BPO-768x512.jpg 768w\" sizes=\"(max-width: 1000px) 100vw, 1000px\" \/>\t\t\n\t\t\t\t\t\t\t\t\t\t\t<\/div>\n\t\t<\/div>\n\t\t\t\n\t\t\t\n\t\t\n\t\t\t\n\t\t\t\t\t\t<\/div>\n\t\t\t\t<\/div>\n\t\t\t\t<\/div>\n\t\t<div class=\"elementor-element elementor-element-c3b6aaf e-con-full e-flex e-con e-child\" data-id=\"c3b6aaf\" data-element_type=\"container\">\n\t\t\t\t<div class=\"elementor-element elementor-element-d12eac9 elementor-widget elementor-widget-tts\" data-id=\"d12eac9\" data-element_type=\"widget\" data-widget_type=\"tts.default\">\n\t\t\t\t<div class=\"elementor-widget-container\">\n\t\t\t\t\t\t\t\t\t\t<!-- title left -->\n\t\t\t\t\t<div class=\"tts text-left\">\n\t\t\t\t\t\t<div class=\"ttin\">\n\t\t\t\t\t\t\n\t\t\t\t\t\t\t<!-- icon position -->\n\t\t\t\t\t\t\t\t\n\t\t\t\t\t\t\t<!-- end icon position -->\n\t\t\t\t\t\t\t\n\t\t\t\t\t\t\t<!-- title top -->\n\t\t\t\t\t\t\t\n\n\t\t\t\t\t\t\t<!-- icon position -->\n\t\t\t\t\t\t\t\t\n\t\t\t\t\t\t\t<!-- end icon position -->\n\n\t\t\t\t\t\t\t<!-- title middle -->\n\t\t\t\t\t\t\t\t\t\t\t\t\t\t\t<h2 class=\"txbdstitle sttwo hlight\">Cr\u00e9dito Libranza con Esoluciones\nBPO<\/h2>\n\t\t\t\t\t\t\t\t\t\t\t\t\t\t<!-- title bottom -->\n\t\t\t\t\t\t\t\n\t\t\t\t\t\t\t\t\t\t\t\t\t\t\n\t\t\t\t\t\t\t<!-- image -->\n\t\t\t\t\t\t\t\t\t\t\t\t\t\t<!-- icon -->\n\t\t\t\t\t\t\t\t\t\t\t\t\t\t\n\t\t\t\t\t\t\t<!-- bar -->\n\t\t\t\t\t\t\t\t\t\t\t\t\t\t<!-- circle bar -->\n\t\t\t\t\t\t\t\t\t\t\t\t\t\t\n\t\t\t\t\t\t\t\t\n\t\t\t\t\t\t\t\n\t\t\t\t\t\t\t<!-- content -->\n\t\t\t\t\t\t\t\t\n\t\t\t\t\t\t<\/div>\n\t\t\t\t\t\t\t<!-- inner title -->\n\t\t\t\t\t\t\t\t\t\t\t\t\t\n\t\t\t\t\t<\/div>\t\t\t\t\n\t\t\t\t\t\t\t\t<\/div>\n\t\t\t\t<\/div>\n\t\t<div class=\"elementor-element elementor-element-19d9101 e-flex e-con-boxed e-con e-child\" data-id=\"19d9101\" data-element_type=\"container\">\n\t\t\t\t\t<div class=\"e-con-inner\">\n\t\t<div class=\"elementor-element elementor-element-0737779 e-flex e-con-boxed e-con e-child\" data-id=\"0737779\" data-element_type=\"container\">\n\t\t\t\t\t<div class=\"e-con-inner\">\n\t\t\t\t<div class=\"elementor-element elementor-element-d75b099 elementor-widget elementor-widget-text-editor\" data-id=\"d75b099\" data-element_type=\"widget\" data-widget_type=\"text-editor.default\">\n\t\t\t\t<div class=\"elementor-widget-container\">\n\t\t\t\t\t\t\t\t\t<ul><li>Cr\u00e9dito dise\u00f1ado para ser aprobado y desembolsado de 24 a 48 horas (dependiendo de la pagadur\u00eda)<\/li><li>Montos aprobados: Desde $500.000 a 5.000.000<\/li><li>Plazos de 6 a 24 meses.<\/li><\/ul><p><strong>Requisitos:<\/strong><\/p><p>\u00a0<\/p><p><strong>** SER PENSIONADO DE FOPEP \u2013 FIDUPREVISORA \u2013 FOMAG \u2013 CASUR \u2013 ACTIVOS POLIC\u00cdA NACIONAL Y COLPENSIONES**<\/strong><\/p>\t\t\t\t\t\t\t\t<\/div>\n\t\t\t\t<\/div>\n\t\t\t\t<div class=\"elementor-element elementor-element-cfe38ad elementor-widget elementor-widget-text-editor\" data-id=\"cfe38ad\" data-element_type=\"widget\" data-widget_type=\"text-editor.default\">\n\t\t\t\t<div class=\"elementor-widget-container\">\n\t\t\t\t\t\t\t\t\t<p><strong>NOTA:\u00a0<\/strong>Para saber si es viable se necesita, firmar autorizaci\u00f3n de consulta ante centrales de riesgos de ESOLUCIONES BPO, ante Cifin.<\/p><p>\u00a0<\/p><ul><li>Presentar desprendibles de n\u00f3mina tanto para activos y pensionados del Estado.<\/li><li>Fotocopia al 150% de la c\u00e9dula<\/li><\/ul>\t\t\t\t\t\t\t\t<\/div>\n\t\t\t\t<\/div>\n\t\t\t\t\t<\/div>\n\t\t\t\t<\/div>\n\t\t\t\t\t<\/div>\n\t\t\t\t<\/div>\n\t\t\t\t<\/div>\n\t\t\t\t\t<\/div>\n\t\t\t\t<\/div>\n\t\t\t\t\t<\/div>\n\t\t\t\t<\/div>\n\t\t\t\t<\/div>\n\t\t","protected":false},"excerpt":{"rendered":"<p>Cr\u00e9dito Libranza con Esoluciones BPO Cr\u00e9dito dise\u00f1ado para ser aprobado y desembolsado de 24 a 48 horas (dependiendo de la pagadur\u00eda) Montos aprobados: Desde $500.000 a 5.000.000 Plazos de 6 a 24 meses. Requisitos: \u00a0 ** SER PENSIONADO DE FOPEP \u2013 FIDUPREVISORA \u2013 FOMAG \u2013 CASUR \u2013 ACTIVOS POLIC\u00cdA NACIONAL Y COLPENSIONES** NOTA:\u00a0Para saber si [&hellip;]<\/p>\n","protected":false},"author":1,"featured_media":0,"parent":0,"menu_order":0,"comment_status":"closed","ping_status":"closed","template":"template-home.php","meta":{"pagelayer_contact_templates":[],"_pagelayer_content":"","footnotes":""},"class_list":["post-12318","page","type-page","status-publish","hentry"],"_links":{"self":[{"href":"https:\/\/esolucionesbpo.com\/2025\/wp-json\/wp\/v2\/pages\/12318","targetHints":{"allow":["GET"]}}],"collection":[{"href":"https:\/\/esolucionesbpo.com\/2025\/wp-json\/wp\/v2\/pages"}],"about":[{"href":"https:\/\/esolucionesbpo.com\/2025\/wp-json\/wp\/v2\/types\/page"}],"author":[{"embeddable":true,"href":"https:\/\/esolucionesbpo.com\/2025\/wp-json\/wp\/v2\/users\/1"}],"replies":[{"embeddable":true,"href":"https:\/\/esolucionesbpo.com\/2025\/wp-json\/wp\/v2\/comments?post=12318"}],"version-history":[{"count":7,"href":"https:\/\/esolucionesbpo.com\/2025\/wp-json\/wp\/v2\/pages\/12318\/revisions"}],"predecessor-version":[{"id":12334,"href":"https:\/\/esolucionesbpo.com\/2025\/wp-json\/wp\/v2\/pages\/12318\/revisions\/12334"}],"wp:attachment":[{"href":"https:\/\/esolucionesbpo.com\/2025\/wp-json\/wp\/v2\/media?parent=12318"}],"curies":[{"name":"wp","href":"https:\/\/api.w.org\/{rel}","templated":true}]}}