{"id":12320,"date":"2025-02-22T15:09:59","date_gmt":"2025-02-22T15:09:59","guid":{"rendered":"https:\/\/esolucionesbpo.com\/2025\/?page_id=12320"},"modified":"2025-02-22T15:17:17","modified_gmt":"2025-02-22T15:17:17","slug":"credito-hipotecario","status":"publish","type":"page","link":"https:\/\/esolucionesbpo.com\/2025\/credito-hipotecario\/","title":{"rendered":"Cr\u00e9dito Hipotecario"},"content":{"rendered":"\t\t<div data-elementor-type=\"wp-page\" data-elementor-id=\"12320\" class=\"elementor elementor-12320\">\n\t\t\t\t<div class=\"elementor-element elementor-element-e5ab690 e-flex e-con-boxed e-con e-parent\" data-id=\"e5ab690\" data-element_type=\"container\" data-settings=\"{&quot;background_background&quot;:&quot;classic&quot;}\">\n\t\t\t\t\t<div class=\"e-con-inner\">\n\t\t<div class=\"elementor-element elementor-element-fcef113 e-flex e-con-boxed e-con e-child\" data-id=\"fcef113\" data-element_type=\"container\">\n\t\t\t\t\t<div class=\"e-con-inner\">\n\t\t<div class=\"elementor-element elementor-element-1e53fc0 e-con-full e-flex e-con e-child\" data-id=\"1e53fc0\" data-element_type=\"container\">\n\t\t\t\t<div class=\"elementor-element elementor-element-ceb9ac5 elementor-widget elementor-widget-witrsimage\" data-id=\"ceb9ac5\" data-element_type=\"widget\" data-widget_type=\"witrsimage.default\">\n\t\t\t\t<div class=\"elementor-widget-container\">\n\t\t\t\t\t\t\n\t\t<div class=\"single_image_area\">\n\t\t\t<div class=\"single_image single_line_option  \">\n\t\t\t\t<!-- image -->\n\t\t\t\t<img fetchpriority=\"high\" decoding=\"async\" width=\"1000\" height=\"667\" src=\"https:\/\/esolucionesbpo.com\/2025\/wp-content\/uploads\/2025\/02\/Esoluciones-BPO-Credito-hipotecario-1.jpg\" class=\"attachment-large size-large wp-image-12247\" alt=\"\" srcset=\"https:\/\/esolucionesbpo.com\/2025\/wp-content\/uploads\/2025\/02\/Esoluciones-BPO-Credito-hipotecario-1.jpg 1000w, https:\/\/esolucionesbpo.com\/2025\/wp-content\/uploads\/2025\/02\/Esoluciones-BPO-Credito-hipotecario-1-300x200.jpg 300w, https:\/\/esolucionesbpo.com\/2025\/wp-content\/uploads\/2025\/02\/Esoluciones-BPO-Credito-hipotecario-1-768x512.jpg 768w\" sizes=\"(max-width: 1000px) 100vw, 1000px\" \/>\t\t\n\t\t\t\t\t\t\t\t\t\t\t<\/div>\n\t\t<\/div>\n\t\t\t\n\t\t\t\n\t\t\n\t\t\t\n\t\t\t\t\t\t<\/div>\n\t\t\t\t<\/div>\n\t\t\t\t<\/div>\n\t\t<div class=\"elementor-element elementor-element-438ef12 e-con-full e-flex e-con e-child\" data-id=\"438ef12\" data-element_type=\"container\">\n\t\t\t\t<div class=\"elementor-element elementor-element-50ce81b elementor-widget elementor-widget-tts\" data-id=\"50ce81b\" data-element_type=\"widget\" data-widget_type=\"tts.default\">\n\t\t\t\t<div class=\"elementor-widget-container\">\n\t\t\t\t\t\t\t\t\t\t<!-- title left -->\n\t\t\t\t\t<div class=\"tts text-left\">\n\t\t\t\t\t\t<div class=\"ttin\">\n\t\t\t\t\t\t\n\t\t\t\t\t\t\t<!-- icon position -->\n\t\t\t\t\t\t\t\t\n\t\t\t\t\t\t\t<!-- end icon position -->\n\t\t\t\t\t\t\t\n\t\t\t\t\t\t\t<!-- title top -->\n\t\t\t\t\t\t\t\n\n\t\t\t\t\t\t\t<!-- icon position -->\n\t\t\t\t\t\t\t\t\n\t\t\t\t\t\t\t<!-- end icon position -->\n\n\t\t\t\t\t\t\t<!-- title middle -->\n\t\t\t\t\t\t\t\t\t\t\t\t\t\t\t<h2 class=\"txbdstitle sttwo hlight\">Cr\u00e9dito Hipotecario<\/h2>\n\t\t\t\t\t\t\t\t\t\t\t\t\t\t<!-- title bottom -->\n\t\t\t\t\t\t\t\n\t\t\t\t\t\t\t\t\t\t\t\t\t\t\n\t\t\t\t\t\t\t<!-- image -->\n\t\t\t\t\t\t\t\t\t\t\t\t\t\t<!-- icon -->\n\t\t\t\t\t\t\t\t\t\t\t\t\t\t\n\t\t\t\t\t\t\t<!-- bar -->\n\t\t\t\t\t\t\t\t\t\t\t\t\t\t<!-- circle bar -->\n\t\t\t\t\t\t\t\t\t\t\t\t\t\t\n\t\t\t\t\t\t\t\t\n\t\t\t\t\t\t\t\n\t\t\t\t\t\t\t<!-- content -->\n\t\t\t\t\t\t\t\t\n\t\t\t\t\t\t<\/div>\n\t\t\t\t\t\t\t<!-- inner title -->\n\t\t\t\t\t\t\t\t\t\t\t\t\t\n\t\t\t\t\t<\/div>\t\t\t\t\n\t\t\t\t\t\t\t\t<\/div>\n\t\t\t\t<\/div>\n\t\t<div class=\"elementor-element elementor-element-06d7f02 e-flex e-con-boxed e-con e-child\" data-id=\"06d7f02\" data-element_type=\"container\">\n\t\t\t\t\t<div class=\"e-con-inner\">\n\t\t<div class=\"elementor-element elementor-element-04f950a e-flex e-con-boxed e-con e-child\" data-id=\"04f950a\" data-element_type=\"container\">\n\t\t\t\t\t<div class=\"e-con-inner\">\n\t\t\t\t<div class=\"elementor-element elementor-element-490eae9 elementor-widget elementor-widget-text-editor\" data-id=\"490eae9\" data-element_type=\"widget\" data-widget_type=\"text-editor.default\">\n\t\t\t\t<div class=\"elementor-widget-container\">\n\t\t\t\t\t\t\t\t\t<p>Este tipo de cr\u00e9ditos permiten a las personas adquirir una vivienda, es un pr\u00e9stamo a mediano o largo plazo que se otorga para la compra, ampliaci\u00f3n, reparaci\u00f3n o construcci\u00f3n de una vivienda, compra de sitios, oficinas o locales comerciales.<\/p><p>\u00a0<\/p><p><strong>Requisitos:<\/strong><\/p>\t\t\t\t\t\t\t\t<\/div>\n\t\t\t\t<\/div>\n\t\t\t\t<div class=\"elementor-element elementor-element-171f3eb elementor-widget elementor-widget-witr_ac_TAB\" data-id=\"171f3eb\" data-element_type=\"widget\" data-widget_type=\"witr_ac_TAB.default\">\n\t\t\t\t<div class=\"elementor-widget-container\">\n\t\t\t\t\t\t\t   \n\n\t\t\t<div class=\"witr_adv_tab_area witr_taba_style1 tab_all_colora\" style=\"flex-direction:column;\">\n\t\t\t\t<!-- Nav tabs -->\n\t\t\t\t<div class=\"witr_adv_tab_menu tx_topb_column\">\n\t\t\t\t\t<ul class=\"nav nav-tabs\">\n\t\t\t\t\t\t\t\t\t\t\t\t<!-- menu 1 -->\n\t\t\t\t\t\t<li class=\"nav-item\">\n\t\t\t\t\t\t\t<a class=\"nav-link epo-6916572  active\" data-bs-toggle=\"tab\" href=\"#tx_tab_171f3eb1\">\n\t\t\t\t\t\t\t\t\n\t\t\t\t\t\t\t\t<span class=\"witr_tab_icona\">\n\t\t\t\t\t\t\t\t\t<!-- icon -->\n\t\t\t\t\t\t\t\t\t\t\t\t\t\t\t\t\t\n\t\t\t\t\t\t\t\t\t<!-- end icon -->\n\t\t\t\t\t\t\t\t\n\t\t\t\t\t\t\t\t\t<!-- custom icon -->\n\t\t\t\t\t\t\t\t\t\t\t\t\t\t\n\t\t\t\t\t\t\t\t\t<!-- image -->\n\t\t\t\t\t\t\t\t\t\t\t\t\t\t\t\t\t\n\t\t\t\t\t\t\t\t\n\t\t\t\t\t\t\t\t\n\t\t\t\t\t\t\t\t<\/span>\n\t\t\t\t\t\t\t\t\t\n\t\t\t\t\t\t\t\t<strong>Profesionales independientes<\/strong>\n\t\t\t\t\t\t\t<\/a>\n\t\t\t\t\t\t<\/li>\t\n\t\t\t\t\t\t\t\t\t\t\t\t<!-- menu 1 -->\n\t\t\t\t\t\t<li class=\"nav-item\">\n\t\t\t\t\t\t\t<a class=\"nav-link epo-43293dc  \" data-bs-toggle=\"tab\" href=\"#tx_tab_171f3eb2\">\n\t\t\t\t\t\t\t\t\n\t\t\t\t\t\t\t\t<span class=\"witr_tab_icona\">\n\t\t\t\t\t\t\t\t\t<!-- icon -->\n\t\t\t\t\t\t\t\t\t\t\t\t\t\t\t\t\t\n\t\t\t\t\t\t\t\t\t<!-- end icon -->\n\t\t\t\t\t\t\t\t\n\t\t\t\t\t\t\t\t\t<!-- custom icon -->\n\t\t\t\t\t\t\t\t\t\t\t\t\t\t\n\t\t\t\t\t\t\t\t\t<!-- image -->\n\t\t\t\t\t\t\t\t\t\t\t\t\t\t\t\t\t\n\t\t\t\t\t\t\t\t\n\t\t\t\t\t\t\t\t\n\t\t\t\t\t\t\t\t<\/span>\n\t\t\t\t\t\t\t\t\t\n\t\t\t\t\t\t\t\t<strong>Empleados<\/strong>\n\t\t\t\t\t\t\t<\/a>\n\t\t\t\t\t\t<\/li>\t\n\t\t\t\t\t\t\t\t\t\t\t<\/ul>\n\t\t\t\t<\/div>\n\t\t\t\t<!-- Tab panes -->\n\t\t\t\t<div class=\"witr_adv_tab_content\">\n\t\t\t\t\t<div class=\"tab-content\">\n\t\t\t\t\t\t\t\t\t\t\t\t<div class=\"tab-pane fade epo-6916572  active show\" id=\"tx_tab_171f3eb1\">\t\t\t\n\t\t\t\t\t\t\t<ul><li><span class=\"elementor-icon-list-text\">Declaraci\u00f3n de renta<\/span><\/li><li><span class=\"elementor-icon-list-text\">Extractos bancarios<\/span><\/li><\/ul>\t\t\t\t\t\t\t\t\t\t\t\t\t\t\n\t\t\t\t\t\t<\/div>\t\n\t\t\t\t\t\t\t\t\t\t\t\t<div class=\"tab-pane fade epo-43293dc  \" id=\"tx_tab_171f3eb2\">\t\t\t\n\t\t\t\t\t\t\t<ul><li>Carta Laboral<\/li><li>Certificado de ingresos y retenciones<\/li><li>Extractos bancarios<\/li><\/ul>\t\t\t\t\t\t\t\t\t\t\t\t\t\t\n\t\t\t\t\t\t<\/div>\t\n\t\t\t\t\t\t\t\n\t\t\t\t\t<\/div>\t\n\t\t\t\t<\/div>\t\n\t\t\t<\/div>\t\n\t\t\t\t\t\t\n\n\t\t\t\t\t<\/div>\n\t\t\t\t<\/div>\n\t\t\t\t\t<\/div>\n\t\t\t\t<\/div>\n\t\t\t\t\t<\/div>\n\t\t\t\t<\/div>\n\t\t\t\t<\/div>\n\t\t\t\t\t<\/div>\n\t\t\t\t<\/div>\n\t\t\t\t\t<\/div>\n\t\t\t\t<\/div>\n\t\t\t\t<\/div>\n\t\t","protected":false},"excerpt":{"rendered":"<p>Cr\u00e9dito Hipotecario Este tipo de cr\u00e9ditos permiten a las personas adquirir una vivienda, es un pr\u00e9stamo a mediano o largo plazo que se otorga para la compra, ampliaci\u00f3n, reparaci\u00f3n o construcci\u00f3n de una vivienda, compra de sitios, oficinas o locales comerciales. \u00a0 Requisitos: Profesionales independientes Empleados Declaraci\u00f3n de renta Extractos bancarios Carta Laboral Certificado de [&hellip;]<\/p>\n","protected":false},"author":1,"featured_media":0,"parent":0,"menu_order":0,"comment_status":"closed","ping_status":"closed","template":"template-home.php","meta":{"pagelayer_contact_templates":[],"_pagelayer_content":"","footnotes":""},"class_list":["post-12320","page","type-page","status-publish","hentry"],"_links":{"self":[{"href":"https:\/\/esolucionesbpo.com\/2025\/wp-json\/wp\/v2\/pages\/12320","targetHints":{"allow":["GET"]}}],"collection":[{"href":"https:\/\/esolucionesbpo.com\/2025\/wp-json\/wp\/v2\/pages"}],"about":[{"href":"https:\/\/esolucionesbpo.com\/2025\/wp-json\/wp\/v2\/types\/page"}],"author":[{"embeddable":true,"href":"https:\/\/esolucionesbpo.com\/2025\/wp-json\/wp\/v2\/users\/1"}],"replies":[{"embeddable":true,"href":"https:\/\/esolucionesbpo.com\/2025\/wp-json\/wp\/v2\/comments?post=12320"}],"version-history":[{"count":4,"href":"https:\/\/esolucionesbpo.com\/2025\/wp-json\/wp\/v2\/pages\/12320\/revisions"}],"predecessor-version":[{"id":12343,"href":"https:\/\/esolucionesbpo.com\/2025\/wp-json\/wp\/v2\/pages\/12320\/revisions\/12343"}],"wp:attachment":[{"href":"https:\/\/esolucionesbpo.com\/2025\/wp-json\/wp\/v2\/media?parent=12320"}],"curies":[{"name":"wp","href":"https:\/\/api.w.org\/{rel}","templated":true}]}}