{"id":15,"date":"2023-10-14T04:04:52","date_gmt":"2023-10-14T04:04:52","guid":{"rendered":"http:\/\/localhost\/corporet\/?page_id=15"},"modified":"2025-02-28T00:25:23","modified_gmt":"2025-02-28T00:25:23","slug":"contactenos","status":"publish","type":"page","link":"https:\/\/esolucionesbpo.com\/2025\/contactenos\/","title":{"rendered":"Cont\u00e1ctenos"},"content":{"rendered":"\t\t<div data-elementor-type=\"wp-page\" data-elementor-id=\"15\" class=\"elementor elementor-15\">\n\t\t\t\t<div class=\"elementor-element elementor-element-7dee5d85 e-con-full e-flex e-con e-parent\" data-id=\"7dee5d85\" data-element_type=\"container\" data-settings=\"{&quot;background_background&quot;:&quot;classic&quot;}\">\n\t\t<div class=\"elementor-element elementor-element-712a6003 e-flex e-con-boxed e-con e-child\" data-id=\"712a6003\" data-element_type=\"container\" data-settings=\"{&quot;background_background&quot;:&quot;classic&quot;}\">\n\t\t\t\t\t<div class=\"e-con-inner\">\n\t\t<div class=\"elementor-element elementor-element-3542e830 e-con-full e-flex e-con e-child\" data-id=\"3542e830\" data-element_type=\"container\">\n\t\t\t\t<div class=\"elementor-element elementor-element-7b1c34f8 elementor-widget elementor-widget-heading\" data-id=\"7b1c34f8\" data-element_type=\"widget\" data-widget_type=\"heading.default\">\n\t\t\t\t<div class=\"elementor-widget-container\">\n\t\t\t\t\t<h2 class=\"elementor-heading-title elementor-size-default\">Sede Principal<\/h2>\t\t\t\t<\/div>\n\t\t\t\t<\/div>\n\t\t\t\t<div class=\"elementor-element elementor-element-6c3c130d elementor-widget elementor-widget-witrservice\" data-id=\"6c3c130d\" data-element_type=\"widget\" data-widget_type=\"witrservice.default\">\n\t\t\t\t<div class=\"elementor-widget-container\">\n\t\t\t\t\t\t\t<div class=\"txbdsva allcostyle boxsh boxpsv sselect\">\r\n\t\t\r\n\t\t\t<div class=\"txbdsi txbdsvflex txbdsvfdrl\">\r\n\t\t\t\t<!-- icon -->\r\n\t\t\t\t\t\r\n\t\t\t\t<div class=\"iconalltf iconall iconallactive  \">\r\n\t\t\t\t\t<i class=\"flaticon flaticon-map\"><\/i>\r\n\t\t\t\t<\/div>\r\n\t\t\t\t\t\t\t\t<!-- image icon -->\r\n\t\t\t\t\t\t\t\t<div class=\"txbdcon sp-txbdsvfdrl\">\r\n\t\t\t\t\t<!-- title -->\r\n\t\t\t\t\t\t\t\r\n\t\t\t\t\t\t<h2 class=\"txbdsvtitle txstcolor hlight\">BOGOT\u00c1<\/h2>\r\n\t\t\t\t\t\t\t\t\t\t\t<p>Carrera 7 No. 34-61 Oficina 201<br>\nBarrio Teusaquillo - Bogot\u00e1 D.C. <\/p>\r\n\t\t\t\t\t\t\t\t\t\t\r\n\t\t\t\t\t<!-- button -->\t\r\n\t\t\t\t\t\t\r\n\t\t\t\t<\/div>\r\n\t\t\t\t\r\n\t\t\t<\/div>\r\n\t\t\r\n\t\t<\/div>\t\r\n\t\t\r\n\t\t\r\n\t\t\r\n\t\t\r\n\t\r\n\t\t\r\n\t\t\r\n\t\t\r\n\t\t\r\n\t\t\r\n\t\t\t\t\t\t<\/div>\n\t\t\t\t<\/div>\n\t\t\t\t<div class=\"elementor-element elementor-element-1653dd90 elementor-widget elementor-widget-witrservice\" data-id=\"1653dd90\" data-element_type=\"widget\" data-widget_type=\"witrservice.default\">\n\t\t\t\t<div class=\"elementor-widget-container\">\n\t\t\t\t\t\t\t<div class=\"txbdsva allcostyle boxsh boxpsv sselect\">\r\n\t\t\r\n\t\t\t<div class=\"txbdsi txbdsvflex txbdsvfdrl\">\r\n\t\t\t\t<!-- icon -->\r\n\t\t\t\t\t\r\n\t\t\t\t<div class=\"iconalltf iconall iconallactive  \">\r\n\t\t\t\t\t<i class=\"flaticon flaticon-phone-call\"><\/i>\r\n\t\t\t\t<\/div>\r\n\t\t\t\t\t\t\t\t<!-- image icon -->\r\n\t\t\t\t\t\t\t\t<div class=\"txbdcon sp-txbdsvfdrl\">\r\n\t\t\t\t\t<!-- title -->\r\n\t\t\t\t\t\t\t\r\n\t\t\t\t\t\t<h2 class=\"txbdsvtitle txstcolor hlight\">Tel\u00e9fonos de Contacto<\/h2>\r\n\t\t\t\t\t\t\t\t\t\t\t<p>(601) 806 3147<br>\n318 3475543 <\/p>\r\n\t\t\t\t\t\t\t\t\t\t\r\n\t\t\t\t\t<!-- button -->\t\r\n\t\t\t\t\t\t\r\n\t\t\t\t<\/div>\r\n\t\t\t\t\r\n\t\t\t<\/div>\r\n\t\t\r\n\t\t<\/div>\t\r\n\t\t\r\n\t\t\r\n\t\t\r\n\t\t\r\n\t\r\n\t\t\r\n\t\t\r\n\t\t\r\n\t\t\r\n\t\t\r\n\t\t\t\t\t\t<\/div>\n\t\t\t\t<\/div>\n\t\t\t\t<div class=\"elementor-element elementor-element-23d4fe27 elementor-widget elementor-widget-witrservice\" data-id=\"23d4fe27\" data-element_type=\"widget\" data-widget_type=\"witrservice.default\">\n\t\t\t\t<div class=\"elementor-widget-container\">\n\t\t\t\t\t\t\t<div class=\"txbdsva allcostyle boxsh boxpsv sselect\">\r\n\t\t\r\n\t\t\t<div class=\"txbdsi txbdsvflex txbdsvfdrl\">\r\n\t\t\t\t<!-- icon -->\r\n\t\t\t\t\t\r\n\t\t\t\t<div class=\"iconalltf iconall iconallactive  \">\r\n\t\t\t\t\t<i class=\"icofont icofont-email\"><\/i>\r\n\t\t\t\t<\/div>\r\n\t\t\t\t\t\t\t\t<!-- image icon -->\r\n\t\t\t\t\t\t\t\t<div class=\"txbdcon sp-txbdsvfdrl\">\r\n\t\t\t\t\t<!-- title -->\r\n\t\t\t\t\t\t\t\r\n\t\t\t\t\t\t<h2 class=\"txbdsvtitle txstcolor hlight\">Correo Electr\u00f3nico<\/h2>\r\n\t\t\t\t\t\t\t\t\t\t\t<p>esolucionesbpo@gmail.com\nservicioalcliente@esolucionesbpo.com <\/p>\r\n\t\t\t\t\t\t\t\t\t\t\r\n\t\t\t\t\t<!-- button -->\t\r\n\t\t\t\t\t\t\r\n\t\t\t\t<\/div>\r\n\t\t\t\t\r\n\t\t\t<\/div>\r\n\t\t\r\n\t\t<\/div>\t\r\n\t\t\r\n\t\t\r\n\t\t\r\n\t\t\r\n\t\r\n\t\t\r\n\t\t\r\n\t\t\r\n\t\t\r\n\t\t\r\n\t\t\t\t\t\t<\/div>\n\t\t\t\t<\/div>\n\t\t\t\t<div class=\"elementor-element elementor-element-6a62a38 elementor-widget-divider--view-line elementor-widget elementor-widget-divider\" data-id=\"6a62a38\" data-element_type=\"widget\" data-widget_type=\"divider.default\">\n\t\t\t\t<div class=\"elementor-widget-container\">\n\t\t\t\t\t\t\t<div class=\"elementor-divider\">\n\t\t\t<span class=\"elementor-divider-separator\">\n\t\t\t\t\t\t<\/span>\n\t\t<\/div>\n\t\t\t\t\t\t<\/div>\n\t\t\t\t<\/div>\n\t\t\t\t<div class=\"elementor-element elementor-element-7dfe5c99 elementor-widget elementor-widget-heading\" data-id=\"7dfe5c99\" data-element_type=\"widget\" data-widget_type=\"heading.default\">\n\t\t\t\t<div class=\"elementor-widget-container\">\n\t\t\t\t\t<h2 class=\"elementor-heading-title elementor-size-default\">Nuestras Sedes<\/h2>\t\t\t\t<\/div>\n\t\t\t\t<\/div>\n\t\t\t\t<div class=\"elementor-element elementor-element-32f15610 elementor-widget elementor-widget-witrservice\" data-id=\"32f15610\" data-element_type=\"widget\" data-widget_type=\"witrservice.default\">\n\t\t\t\t<div class=\"elementor-widget-container\">\n\t\t\t\t\t\t\t<div class=\"txbdsva allcostyle boxsh boxpsv sselect\">\r\n\t\t\r\n\t\t\t<div class=\"txbdsi txbdsvflex txbdsvfdrl\">\r\n\t\t\t\t<!-- icon -->\r\n\t\t\t\t\t\r\n\t\t\t\t<div class=\"iconalltf iconall iconallactive  \">\r\n\t\t\t\t\t<i class=\"flaticon flaticon-map\"><\/i>\r\n\t\t\t\t<\/div>\r\n\t\t\t\t\t\t\t\t<!-- image icon -->\r\n\t\t\t\t\t\t\t\t<div class=\"txbdcon sp-txbdsvfdrl\">\r\n\t\t\t\t\t<!-- title -->\r\n\t\t\t\t\t\t\t\r\n\t\t\t\t\t\t<h2 class=\"txbdsvtitle txstcolor hlight\">CALI<\/h2>\r\n\t\t\t\t\t\t\t\t\t\t\t<p><strong>Director: Dora Cano<\/strong><br>\nDirecci\u00f3n: Calle 11 No. 5-54 Oficina 709<br>\nEdificio Bancolombia<br>\nCelular: 316 4455316 <\/p>\r\n\t\t\t\t\t\t\t\t\t\t\r\n\t\t\t\t\t<!-- button -->\t\r\n\t\t\t\t\t\t\r\n\t\t\t\t<\/div>\r\n\t\t\t\t\r\n\t\t\t<\/div>\r\n\t\t\r\n\t\t<\/div>\t\r\n\t\t\r\n\t\t\r\n\t\t\r\n\t\t\r\n\t\r\n\t\t\r\n\t\t\r\n\t\t\r\n\t\t\r\n\t\t\r\n\t\t\t\t\t\t<\/div>\n\t\t\t\t<\/div>\n\t\t\t\t<div class=\"elementor-element elementor-element-39a744fd elementor-widget elementor-widget-witrservice\" data-id=\"39a744fd\" data-element_type=\"widget\" data-widget_type=\"witrservice.default\">\n\t\t\t\t<div class=\"elementor-widget-container\">\n\t\t\t\t\t\t\t<div class=\"txbdsva allcostyle boxsh boxpsv sselect\">\r\n\t\t\r\n\t\t\t<div class=\"txbdsi txbdsvflex txbdsvfdrl\">\r\n\t\t\t\t<!-- icon -->\r\n\t\t\t\t\t\r\n\t\t\t\t<div class=\"iconalltf iconall iconallactive  \">\r\n\t\t\t\t\t<i class=\"flaticon flaticon-map\"><\/i>\r\n\t\t\t\t<\/div>\r\n\t\t\t\t\t\t\t\t<!-- image icon -->\r\n\t\t\t\t\t\t\t\t<div class=\"txbdcon sp-txbdsvfdrl\">\r\n\t\t\t\t\t<!-- title -->\r\n\t\t\t\t\t\t\t\r\n\t\t\t\t\t\t<h2 class=\"txbdsvtitle txstcolor hlight\">CARTAGENA<\/h2>\r\n\t\t\t\t\t\t\t\t\t\t\t<p><strong>Director: Kelly Reyes Serrano<\/strong><br>\nDirecci\u00f3n: Carrera 33 No. 8a-50<br>\nEdificio Concasa Piso 5, Oficina 504<br>\nCelular: 320 6952317 <\/p>\r\n\t\t\t\t\t\t\t\t\t\t\r\n\t\t\t\t\t<!-- button -->\t\r\n\t\t\t\t\t\t\r\n\t\t\t\t<\/div>\r\n\t\t\t\t\r\n\t\t\t<\/div>\r\n\t\t\r\n\t\t<\/div>\t\r\n\t\t\r\n\t\t\r\n\t\t\r\n\t\t\r\n\t\r\n\t\t\r\n\t\t\r\n\t\t\r\n\t\t\r\n\t\t\r\n\t\t\t\t\t\t<\/div>\n\t\t\t\t<\/div>\n\t\t\t\t<div class=\"elementor-element elementor-element-107924cc elementor-widget elementor-widget-witrservice\" data-id=\"107924cc\" data-element_type=\"widget\" data-widget_type=\"witrservice.default\">\n\t\t\t\t<div class=\"elementor-widget-container\">\n\t\t\t\t\t\t\t<div class=\"txbdsva allcostyle boxsh boxpsv sselect\">\r\n\t\t\r\n\t\t\t<div class=\"txbdsi txbdsvflex txbdsvfdrl\">\r\n\t\t\t\t<!-- icon -->\r\n\t\t\t\t\t\r\n\t\t\t\t<div class=\"iconalltf iconall iconallactive  \">\r\n\t\t\t\t\t<i class=\"flaticon flaticon-map\"><\/i>\r\n\t\t\t\t<\/div>\r\n\t\t\t\t\t\t\t\t<!-- image icon -->\r\n\t\t\t\t\t\t\t\t<div class=\"txbdcon sp-txbdsvfdrl\">\r\n\t\t\t\t\t<!-- title -->\r\n\t\t\t\t\t\t\t\r\n\t\t\t\t\t\t<h2 class=\"txbdsvtitle txstcolor hlight\">BARRANQUILLA<\/h2>\r\n\t\t\t\t\t\t\t\t\t\t\t<p><strong>Director: Jorge Natera Consuegra<\/strong><br>\nDirecci\u00f3n: Calle 87 No. 47-10<br>\nOficina 1<br>\nCelular: 301 3218384\n\n\n\n <\/p>\r\n\t\t\t\t\t\t\t\t\t\t\r\n\t\t\t\t\t<!-- button -->\t\r\n\t\t\t\t\t\t\r\n\t\t\t\t<\/div>\r\n\t\t\t\t\r\n\t\t\t<\/div>\r\n\t\t\r\n\t\t<\/div>\t\r\n\t\t\r\n\t\t\r\n\t\t\r\n\t\t\r\n\t\r\n\t\t\r\n\t\t\r\n\t\t\r\n\t\t\r\n\t\t\r\n\t\t\t\t\t\t<\/div>\n\t\t\t\t<\/div>\n\t\t\t\t<\/div>\n\t\t<div class=\"elementor-element elementor-element-4783e6 e-con-full e-flex e-con e-child\" data-id=\"4783e6\" data-element_type=\"container\" data-settings=\"{&quot;background_background&quot;:&quot;classic&quot;}\">\n\t\t\t\t<div class=\"elementor-element elementor-element-5f946a9f elementor-widget elementor-widget-heading\" data-id=\"5f946a9f\" data-element_type=\"widget\" data-widget_type=\"heading.default\">\n\t\t\t\t<div class=\"elementor-widget-container\">\n\t\t\t\t\t<h2 class=\"elementor-heading-title elementor-size-default\">Formulario de Contacto<\/h2>\t\t\t\t<\/div>\n\t\t\t\t<\/div>\n\t\t\t\t<div class=\"elementor-element elementor-element-58575e1e elementor-widget elementor-widget-heading\" data-id=\"58575e1e\" data-element_type=\"widget\" data-widget_type=\"heading.default\">\n\t\t\t\t<div class=\"elementor-widget-container\">\n\t\t\t\t\t<h2 class=\"elementor-heading-title elementor-size-default\">Escr\u00edbenos para recibir m\u00e1s informaci\u00f3n!<\/h2>\t\t\t\t<\/div>\n\t\t\t\t<\/div>\n\t\t\t\t<div class=\"elementor-element elementor-element-2d1b528c elementor-widget elementor-widget-shortcode\" data-id=\"2d1b528c\" data-element_type=\"widget\" data-widget_type=\"shortcode.default\">\n\t\t\t\t<div class=\"elementor-widget-container\">\n\t\t\t\t\t\t\t<div class=\"elementor-shortcode\"><div class=\"forminator-ui forminator-custom-form forminator-custom-form-11906 forminator-design--basic  forminator_ajax\" data-forminator-render=\"0\" data-form=\"forminator-module-11906\" data-uid=\"69d640563ccbd\"><br\/><\/div><form\n\t\t\t\tid=\"forminator-module-11906\"\n\t\t\t\tclass=\"forminator-ui forminator-custom-form forminator-custom-form-11906 forminator-design--basic  forminator_ajax\"\n\t\t\t\tmethod=\"post\"\n\t\t\t\tdata-forminator-render=\"0\"\n\t\t\t\tdata-form-id=\"11906\"\n\t\t\t\t\n\t\t\t\tdata-design=\"basic\"\n\t\t\t\t\n\t\t\t\t\n\t\t\t\t\n\t\t\t\tdata-grid=\"open\"\n\t\t\t\t\n\t\t\t\t\n\t\t\t\tstyle=\"display: none;\"\n\t\t\t\t\n\t\t\t\tdata-uid=\"69d640563ccbd\"\n\t\t\t><div role=\"alert\" aria-live=\"polite\" class=\"forminator-response-message forminator-error\" aria-hidden=\"true\"><\/div><div class=\"forminator-row\"><div id=\"name-1\" class=\"forminator-field-name forminator-col forminator-col-12 \"><div class=\"forminator-row forminator-no-margin\" data-multiple=\"true\"><div class=\"forminator-col forminator-col-md-6\"><div class=\"forminator-field\"><label for=\"forminator-field-first-name-1_69d640563ccbd\" id=\"forminator-field-first-name-1_69d640563ccbd-label\" class=\"forminator-label\">Nombres <span class=\"forminator-required\">*<\/span><\/label><input type=\"text\" name=\"name-1-first-name\" placeholder=\"\" id=\"forminator-field-first-name-1_69d640563ccbd\" class=\"forminator-input\" aria-required=\"true\" data-multi=\"1\" value=\"\" \/><\/div><\/div><div class=\"forminator-col forminator-col-md-6\"><div class=\"forminator-field\"><label for=\"forminator-field-last-name-1_69d640563ccbd\" id=\"forminator-field-last-name-1_69d640563ccbd-label\" class=\"forminator-label\">Apellidos<\/label><input type=\"text\" name=\"name-1-last-name\" placeholder=\"\" id=\"forminator-field-last-name-1_69d640563ccbd\" class=\"forminator-input\" aria-required=\"false\" data-multi=\"1\" value=\"\" \/><\/div><\/div><\/div><\/div><\/div><div class=\"forminator-row\"><div id=\"email-1\" class=\"forminator-field-email forminator-col forminator-col-12 \"><div class=\"forminator-field\"><label for=\"forminator-field-email-1_69d640563ccbd\" id=\"forminator-field-email-1_69d640563ccbd-label\" class=\"forminator-label\">Correo electr\u00f3nico <span class=\"forminator-required\">*<\/span><\/label><input type=\"email\" name=\"email-1\" value=\"\" placeholder=\"Diligencie su correo electr\u00f3nico\" id=\"forminator-field-email-1_69d640563ccbd\" class=\"forminator-input forminator-email--field\" data-required=\"1\" aria-required=\"true\" \/><\/div><\/div><\/div><div class=\"forminator-row\"><div id=\"phone-1\" class=\"forminator-field-phone forminator-col forminator-col-12 \"><div class=\"forminator-field\"><label for=\"forminator-field-phone-1_69d640563ccbd\" id=\"forminator-field-phone-1_69d640563ccbd-label\" class=\"forminator-label\">N\u00famero de contacto<\/label><input type=\"text\" name=\"phone-1\" value=\"\" placeholder=\"Diligencie su n\u00famero telef\u00f3nico\" id=\"forminator-field-phone-1_69d640563ccbd\" class=\"forminator-input forminator-field--phone\" data-required=\"\" aria-required=\"false\" autocomplete=\"off\" \/><\/div><\/div><\/div><div class=\"forminator-row\"><div id=\"radio-1\" class=\"forminator-field-radio forminator-col forminator-col-12 \"><div role=\"radiogroup\" class=\"forminator-field\" aria-labelledby=\"forminator-radiogroup-69d640563ccbd-label\"><span id=\"forminator-radiogroup-69d640563ccbd-label\" class=\"forminator-label\">Su perfil laboral es <span class=\"forminator-required\">*<\/span><\/span><label id=\"forminator-field-radio-1-label-1\" for=\"forminator-field-radio-1-1-69d640563ccbd\" class=\"forminator-radio\" title=\"Empleado p\u00fablico\"><input type=\"radio\" name=\"radio-1\" value=\"Empleado-p\u00fablico\" id=\"forminator-field-radio-1-1-69d640563ccbd\" aria-labelledby=\"forminator-field-radio-1-label-1\" data-calculation=\"0\"   data-hidden-behavior=\"zero\"\/><span class=\"forminator-radio-bullet\" aria-hidden=\"true\"><\/span><span class=\"forminator-radio-label\">Empleado p\u00fablico<\/span><\/label><label id=\"forminator-field-radio-1-label-2\" for=\"forminator-field-radio-1-2-69d640563ccbd\" class=\"forminator-radio\" title=\"Empleado de empresa privada\"><input type=\"radio\" name=\"radio-1\" value=\"Empleado-de-empresa-privada\" id=\"forminator-field-radio-1-2-69d640563ccbd\" aria-labelledby=\"forminator-field-radio-1-label-2\" data-calculation=\"0\"   data-hidden-behavior=\"zero\"\/><span class=\"forminator-radio-bullet\" aria-hidden=\"true\"><\/span><span class=\"forminator-radio-label\">Empleado de empresa privada<\/span><\/label><label id=\"forminator-field-radio-1-label-3\" for=\"forminator-field-radio-1-3-69d640563ccbd\" class=\"forminator-radio\" title=\"Pensionado\"><input type=\"radio\" name=\"radio-1\" value=\"Pensionado\" id=\"forminator-field-radio-1-3-69d640563ccbd\" aria-labelledby=\"forminator-field-radio-1-label-3\" data-calculation=\"0\"   data-hidden-behavior=\"zero\"\/><span class=\"forminator-radio-bullet\" aria-hidden=\"true\"><\/span><span class=\"forminator-radio-label\">Pensionado<\/span><\/label><label id=\"forminator-field-radio-1-label-4\" for=\"forminator-field-radio-1-4-69d640563ccbd\" class=\"forminator-radio\" title=\"Profesional independiente\"><input type=\"radio\" name=\"radio-1\" value=\"Profesional-independiente\" id=\"forminator-field-radio-1-4-69d640563ccbd\" aria-labelledby=\"forminator-field-radio-1-label-4\" data-calculation=\"0\"   data-hidden-behavior=\"zero\"\/><span class=\"forminator-radio-bullet\" aria-hidden=\"true\"><\/span><span class=\"forminator-radio-label\">Profesional independiente<\/span><\/label><label id=\"forminator-field-radio-1-label-5\" for=\"forminator-field-radio-1-5-69d640563ccbd\" class=\"forminator-radio\" title=\"Rentista de Capital\"><input type=\"radio\" name=\"radio-1\" value=\"Rentista-de-Capital\" id=\"forminator-field-radio-1-5-69d640563ccbd\" aria-labelledby=\"forminator-field-radio-1-label-5\" data-calculation=\"0\"   data-hidden-behavior=\"zero\"\/><span class=\"forminator-radio-bullet\" aria-hidden=\"true\"><\/span><span class=\"forminator-radio-label\">Rentista de Capital<\/span><\/label><\/div><\/div><\/div><div class=\"forminator-row\"><div id=\"radio-2\" class=\"forminator-field-radio forminator-col forminator-col-12 \"><div role=\"radiogroup\" class=\"forminator-field\" aria-labelledby=\"forminator-radiogroup-69d640563ccbd-label\"><span id=\"forminator-radiogroup-69d640563ccbd-label\" class=\"forminator-label\">Escoja la l\u00ednea de cr\u00e9dito de su inter\u00e9s <span class=\"forminator-required\">*<\/span><\/span><label id=\"forminator-field-radio-2-label-1\" for=\"forminator-field-radio-2-1-69d640563ccbd\" class=\"forminator-radio\" title=\"Cr\u00e9dito de libranza\"><input type=\"radio\" name=\"radio-2\" value=\"Cr\u00e9dito-de-libranza\" id=\"forminator-field-radio-2-1-69d640563ccbd\" aria-labelledby=\"forminator-field-radio-2-label-1\" data-calculation=\"0\"   data-hidden-behavior=\"zero\"\/><span class=\"forminator-radio-bullet\" aria-hidden=\"true\"><\/span><span class=\"forminator-radio-label\">Cr\u00e9dito de libranza<\/span><\/label><label id=\"forminator-field-radio-2-label-2\" for=\"forminator-field-radio-2-2-69d640563ccbd\" class=\"forminator-radio\" title=\"Cr\u00e9dito personal o consumo\"><input type=\"radio\" name=\"radio-2\" value=\"Cr\u00e9dito-personal-o-consumo\" id=\"forminator-field-radio-2-2-69d640563ccbd\" aria-labelledby=\"forminator-field-radio-2-label-2\" data-calculation=\"0\"   data-hidden-behavior=\"zero\"\/><span class=\"forminator-radio-bullet\" aria-hidden=\"true\"><\/span><span class=\"forminator-radio-label\">Cr\u00e9dito personal o consumo<\/span><\/label><label id=\"forminator-field-radio-2-label-3\" for=\"forminator-field-radio-2-3-69d640563ccbd\" class=\"forminator-radio\" title=\"Tarjeta de cr\u00e9dito\"><input type=\"radio\" name=\"radio-2\" value=\"Tarjeta-de-cr\u00e9dito\" id=\"forminator-field-radio-2-3-69d640563ccbd\" aria-labelledby=\"forminator-field-radio-2-label-3\" data-calculation=\"0\"   data-hidden-behavior=\"zero\"\/><span class=\"forminator-radio-bullet\" aria-hidden=\"true\"><\/span><span class=\"forminator-radio-label\">Tarjeta de cr\u00e9dito<\/span><\/label><label id=\"forminator-field-radio-2-label-4\" for=\"forminator-field-radio-2-4-69d640563ccbd\" class=\"forminator-radio\" title=\"Cr\u00e9dito hipotecario\"><input type=\"radio\" name=\"radio-2\" value=\"Cr\u00e9dito-hipotecario\" id=\"forminator-field-radio-2-4-69d640563ccbd\" aria-labelledby=\"forminator-field-radio-2-label-4\" data-calculation=\"0\"   data-hidden-behavior=\"zero\"\/><span class=\"forminator-radio-bullet\" aria-hidden=\"true\"><\/span><span class=\"forminator-radio-label\">Cr\u00e9dito hipotecario<\/span><\/label><label id=\"forminator-field-radio-2-label-5\" for=\"forminator-field-radio-2-5-69d640563ccbd\" class=\"forminator-radio\" title=\"Saneamiento de cartera o rebancarizaci\u00f3n\"><input type=\"radio\" name=\"radio-2\" value=\"Saneamiento-de-cartera-o-rebancarizaci\u00f3n\" id=\"forminator-field-radio-2-5-69d640563ccbd\" aria-labelledby=\"forminator-field-radio-2-label-5\" data-calculation=\"0\"   data-hidden-behavior=\"zero\"\/><span class=\"forminator-radio-bullet\" aria-hidden=\"true\"><\/span><span class=\"forminator-radio-label\">Saneamiento de cartera o rebancarizaci\u00f3n<\/span><\/label><\/div><\/div><\/div><div class=\"forminator-row\"><div id=\"textarea-1\" class=\"forminator-field-textarea forminator-col forminator-col-12 \"><div class=\"forminator-field\"><label for=\"forminator-field-textarea-1_69d640563ccbd\" id=\"forminator-field-textarea-1_69d640563ccbd-label\" class=\"forminator-label\">Mensaje<\/label><textarea name=\"textarea-1\" placeholder=\"Introduzca su mensaje...\" id=\"forminator-field-textarea-1_69d640563ccbd\" class=\"forminator-textarea\" rows=\"6\" style=\"min-height:140px;\" maxlength=\"180\" ><\/textarea><span id=\"forminator-field-textarea-1_69d640563ccbd-description\" class=\"forminator-description\"><span data-limit=\"180\" data-type=\"characters\" data-editor=\"\">0 \/ 180<\/span><\/span><\/div><\/div><\/div><div class=\"forminator-row\"><div id=\"captcha-1\" class=\"forminator-field-captcha forminator-col forminator-col-12 \"><div class=\"forminator-captcha-left forminator-g-recaptcha\" data-theme=\"light\"  data-sitekey=\"6LdtxeIqAAAAAC2qYt6NmCTuYx5hK9Rm6jpv58TO\" data-size=\"normal\"><\/div> <\/div><\/div><input type=\"hidden\" name=\"referer_url\" value=\"\" \/><div class=\"forminator-row forminator-row-last\"><div class=\"forminator-col\"><div class=\"forminator-field\"><button class=\"forminator-button forminator-button-submit\">Enviar mensaje<\/button><\/div><\/div><\/div><input type=\"hidden\" id=\"forminator_nonce\" name=\"forminator_nonce\" value=\"991ca95402\" \/><input type=\"hidden\" name=\"_wp_http_referer\" value=\"\/2025\/wp-json\/wp\/v2\/pages\/15\" \/><input type=\"hidden\" name=\"form_id\" value=\"11906\"><input type=\"hidden\" name=\"page_id\" value=\"15\"><input type=\"hidden\" name=\"form_type\" value=\"default\"><input type=\"hidden\" name=\"current_url\" value=\"https:\/\/esolucionesbpo.com\/2025\/contactenos\/\"><input type=\"hidden\" name=\"render_id\" value=\"0\"><input type=\"hidden\" name=\"action\" value=\"forminator_submit_form_custom-forms\"><\/form><\/div>\n\t\t\t\t\t\t<\/div>\n\t\t\t\t<\/div>\n\t\t\t\t<\/div>\n\t\t\t\t\t<\/div>\n\t\t\t\t<\/div>\n\t\t\t\t<\/div>\n\t\t<div class=\"elementor-element elementor-element-226e62c e-con-full e-flex e-con e-parent\" data-id=\"226e62c\" data-element_type=\"container\">\n\t\t\t\t<div class=\"elementor-element elementor-element-3e8951b elementor-widget elementor-widget-google_maps\" data-id=\"3e8951b\" data-element_type=\"widget\" data-widget_type=\"google_maps.default\">\n\t\t\t\t<div class=\"elementor-widget-container\">\n\t\t\t\t\t\t\t<div class=\"elementor-custom-embed\">\n\t\t\t<iframe loading=\"lazy\"\n\t\t\t\t\tsrc=\"https:\/\/maps.google.com\/maps?q=Cra.%207%20%2334-61%2C%20Bogot%C3%A1&#038;t=m&#038;z=18&#038;output=embed&#038;iwloc=near\"\n\t\t\t\t\ttitle=\"Cra. 7 #34-61, Bogot\u00e1\"\n\t\t\t\t\taria-label=\"Cra. 7 #34-61, Bogot\u00e1\"\n\t\t\t><\/iframe>\n\t\t<\/div>\n\t\t\t\t\t\t<\/div>\n\t\t\t\t<\/div>\n\t\t\t\t<\/div>\n\t\t\t\t<\/div>\n\t\t","protected":false},"excerpt":{"rendered":"<p>Sede Principal BOGOT\u00c1 Carrera 7 No. 34-61 Oficina 201 Barrio Teusaquillo &#8211; Bogot\u00e1 D.C. Tel\u00e9fonos de Contacto (601) 806 3147 318 3475543 Correo Electr\u00f3nico esolucionesbpo@gmail.com servicioalcliente@esolucionesbpo.com Nuestras Sedes CALI Director: Dora Cano Direcci\u00f3n: Calle 11 No. 5-54 Oficina 709 Edificio Bancolombia Celular: 316 4455316 CARTAGENA Director: Kelly Reyes Serrano Direcci\u00f3n: Carrera 33 No. 8a-50 Edificio [&hellip;]<\/p>\n","protected":false},"author":1,"featured_media":0,"parent":0,"menu_order":0,"comment_status":"closed","ping_status":"closed","template":"template-home.php","meta":{"pagelayer_contact_templates":[],"_pagelayer_content":"","footnotes":""},"class_list":["post-15","page","type-page","status-publish","hentry"],"_links":{"self":[{"href":"https:\/\/esolucionesbpo.com\/2025\/wp-json\/wp\/v2\/pages\/15","targetHints":{"allow":["GET"]}}],"collection":[{"href":"https:\/\/esolucionesbpo.com\/2025\/wp-json\/wp\/v2\/pages"}],"about":[{"href":"https:\/\/esolucionesbpo.com\/2025\/wp-json\/wp\/v2\/types\/page"}],"author":[{"embeddable":true,"href":"https:\/\/esolucionesbpo.com\/2025\/wp-json\/wp\/v2\/users\/1"}],"replies":[{"embeddable":true,"href":"https:\/\/esolucionesbpo.com\/2025\/wp-json\/wp\/v2\/comments?post=15"}],"version-history":[{"count":49,"href":"https:\/\/esolucionesbpo.com\/2025\/wp-json\/wp\/v2\/pages\/15\/revisions"}],"predecessor-version":[{"id":12429,"href":"https:\/\/esolucionesbpo.com\/2025\/wp-json\/wp\/v2\/pages\/15\/revisions\/12429"}],"wp:attachment":[{"href":"https:\/\/esolucionesbpo.com\/2025\/wp-json\/wp\/v2\/media?parent=15"}],"curies":[{"name":"wp","href":"https:\/\/api.w.org\/{rel}","templated":true}]}}